
{"id":28,"date":"2012-12-05T10:12:31","date_gmt":"2012-12-05T10:12:31","guid":{"rendered":"https:\/\/www.pietrosaviano.com\/?page_id=28"},"modified":"2018-12-08T16:33:40","modified_gmt":"2018-12-08T16:33:40","slug":"veterinarians","status":"publish","type":"page","link":"https:\/\/www.pietrosaviano.com\/?page_id=28","title":{"rendered":"Biography"},"content":{"rendered":"<p><strong>Pietro Saviano, D.V.M., Ph.D.<\/strong><\/p>\n<p>&nbsp;<\/p>\n<p><b><span style=\"text-decoration: underline;\">WORK EXPERIENCE<\/span><\/b><\/p>\n<p>16.5.2006-present. <strong>Director of Veterinary Clinic for Small Animals.<\/strong> Ultrasonography &#038; radiography, surgery, internal medicine. Ambulatorio Veterinario, via Mentana 19, 41040 Spezzano di Fiorano Modenese (MO)<\/p>\n<p>2015.10- 2018.05 <strong>Supervisor of the dolphins population under uman care in Zoomarine Roma<\/strong>, Dolphin Discovery<\/p>\n<p>2014 <strong>Teacher<\/strong>. Corso di Alta Formazione <strong>\u201cI cetacei del Mediterraneo: conservazione e gestione integrata<\/strong>\u201d a.a. 2013\/2014, Dipartimento di Biomedicina Comparata e Alimentazione Viale dell\u2019Universit\u00e0, 16,35020 \u2013 Legnaro (PD)<\/p>\n<p>2014 <b>Expert inspector consultant<\/b> appointed by <b>Ministero della Salute<\/b> and confirmed by <b>Ministero dell&#8217;Ambient<\/b>e for Zoo&#8217;s examination, Roma prot. 0010224-12-05-2014<\/p>\n<p><span style=\"color: #000000;\">2012- present <\/span><span style=\"color: #000000;\"><b>Consultant veterinarian for Marine Mammals Strandings, Fondazione Cetacea<\/b><\/span><span style=\"color: #000000;\"> Riccione<\/span><\/p>\n<p>2011-present. <b>Consultant veterinarian for Diagnostic Imaging for Cetacean stranding Emergency Response Team<\/b> (CERT).Department of Comparative Biomedicine and Food Science, University of Padova, viale dell\u2019Universit\u00e0 16,35020 Legnaro (PD) \u2013 ITALY. Consultant Veterinarian<\/p>\n<p>2010. <b>Contributor<\/b> : \u201cLinee Guida per l\u2019Intervento su Cetacei Spiaggiati Vivi\u201d (Guidelines in marine mammal Strandings), Author: S. Mazzariol. Department of Comparative Biomedicine and Food Science, University of Padova, viale dell\u2019Universit\u00e0 16,35020 Legnaro (PD) \u2013 ITALY<\/p>\n<p>2006-present. <b>Consultant veterinarian for abdominal ultrasonography in small animals<\/b>. Consultant for other small animal clinics in Modena.<\/p>\n<p>2006-present. <b>Consultant veterinarian for ultrasonography in cetaceans<\/b>. 11 facilities including Italy, Malta, Portugal, Switzerland, Turkey, Dominican Republic and USA<\/p>\n<p>16.5.2006-present. <b>Director of Veterinary Clinic for Small Animals.<\/b> Ultrasonography &amp; radiography, surgery, internal medicine. Ambulatorio Veterinario, via Mentana 19, 41040 Spezzano di Fiorano Modenese (MO)<\/p>\n<p>27.07.2005-30.11.2005.\u00a0\u00a0\u00a0 <b>PhD program<\/b>. \u201cUltrasonographic evaluation of <i>Tursiops truncatus<\/i>\u201d Evaluating marine mammals using ultrasonography. Sea Life Park by Dolphin Discovery, Kalanianaole highway #7, Waimanalo, Hawaii HI 96795 USA<\/p>\n<p>2003-2006.\u00a0 <b>\u00a0PhD program<\/b>: \u201cDiagnostica per immagini e chirurgia endoscopica veterinaria\u201d XVIII Ciclo (Diagnostic imaging and endoscopy in veterinary medicine, PhD program) Ultrasonography, radiography, surgery, Responsable giving lectures and mentoring veterinary interns. Department of Internal medicine, Surgery area.Faculty of Veterinary Medicine, University of Bologna, via Tolara di Sopra 50, Ozzano dell\u2019Emilia (BO), con sede amministrativa presso Universit\u00e0 di Teramo. PhD in Veterinary Medicine.<\/p>\n<p>&nbsp;<\/p>\n<p><b><span style=\"text-decoration: underline;\">EDUCATION AND TRAINING<\/span><\/b><\/p>\n<p>16.7.2002:\u00a0\u00a0\u00a0 <b>Degree in Veterinary Medicine<\/b>.\u00a0 Faculty of Veterinary Medicine, University of Bologna, via Tolara di Sopra 50, Ozzano dell\u2019Emilia (BO) Thesis : \u201cApplication of simulators in training process of video-laparoscopic techniques in veterinary medicine\u201d<\/p>\n<p>20.10.2006:\u00a0\u00a0 PhD Dissertation,<b> PhD thesis \u201cUltrasonography in <i>Tursiops truncatus<\/i><\/b>\u201d. Dottorato di ricerca in \u201cDiagnostica per immagini e chirurgia endoscopica veterinaria\u201d XVIII\u00b0Ciclo, (Diagnostic imaging and endoscopy in veterinary medicine, PhD program). Department of Internal Medicine, Surgery area. Faculty of Veterinary Medicine, University of Bologna, via Tolara di Sopra 50, Ozzano dell\u2019Emilia (BO), con sede amministrativa presso Universit\u00e0 di Teramo<\/p>\n<p>&nbsp;<\/p>\n<p><b><span style=\"text-decoration: underline;\">PUBBLICATIONS\/PRESENTATIONS:<\/span><\/b><\/p>\n<ul>\n<li>PhD Thesis: \u201cStudio ecografico del Tursiops truncatus\u201d Dottorato di ricerca in \u201cDiagnostica per immagini e chirurgia endoscopica veterinaria\u201d XVIII\u00b0Ciclo, Department of Internal Medicine, Surgery area. Faculty of Veterinary Medicine, University of Bologna,via Tolara di Sopra 50, Ozzano dell\u2019Emilia (BO), con sede amministrativa presso Universit\u00e0 di Teramo<\/li>\n<li>A multidisciplinary approach to the management of pregnancy,partuition and post-parturition in Tursiops truncatus. Barros, Guglielmi, Saviano, Simoni, Redivo, Arzocco, Di Naro, Russo, Bortolotto 2009 37th EAAM Annual Symposium in Malta. Poster Presentation<\/li>\n<li>Ultrasonographic imaging of reproductive organs in a female Risso\u2019s dolphin, Grampus griseus. Saviano Pietro and Biancani Barbara 2010 38th EAAM Annual Symposium in Lisbon. Poster Presentation<\/li>\n<li>Gastric compartments: comparative study between bottlenose dolphin (Tursiops truncatus) and Risso\u2019s dolphin (Grampus griuseus).Biancani, B., Saviano, P., Rossi, G. IAAAM 2010, Oral presentation<\/li>\n<li>Ultrasonographic imaging of reproductive organs in a female Risso\u2019s dolphin, Grampus griseus. Saviano P., Biancani B. EAAM 2010, poster.<\/li>\n<li>Giornate Studio sulla Gestione Clinica dei Cetacei e delle Tartarughe Marine, 1-2 Dicembre 2010 Universit\u00e0 di Napoli, Oral presentation<\/li>\n<li>Ultrasonographyc appearance of fundic stomach during gastritis in bottlenose dolphin (Tursiops truncatus). Saviano P., Guglielmi E., Biancani B. EAAM \u2013 Barcelona 39th Symposium 11-14 March 2011 Oral presentation<\/li>\n<li>Compartimenti gastrici: studio comparato tra tursiope (Tursiops truncatus) e grampo (Grampus griseus). Campesi E., Biancani B., Sampayo J., Saviano P., Rossi G. Convegno Nazionale sui Cetacei e sulle Tartarughe 2011, Oral presentation.<\/li>\n<li>\u201cProtocols and first aid emergency techniques in cetacean mass strandings of alive animals\u201d Oral presentation. 20-21 Giugno 2012, University of Padova,Italy, Invited speaker<\/li>\n<li>\u201cHANDBOOK OF ULTRASONOGRAPHY IN DOLPHINS, Abdomen Thorax and Eye\u201d Edited on Kindle Amazon, March 2013(The first handbook of ultrasonography in dolphins ever published!) Author &amp; Editor.<\/li>\n<li>\u201cTwo cases of gastric impaction in Stenella coeruleoalba\u201d 15\/18-3-2013: 41th Annual Symposium of European Association for Aquatic Mammals EAAM, Nuremberg, Germany, Oral presentation<\/li>\n<li>\u201dFirst training for Veterinarians\u201d, NETCET,13\/17-5-2013 University of Padova, Invited Speaker<\/li>\n<li>\u201cGestione veterinaria degli spiaggiamenti dei Cetacei\u201d,15-5-2014 Guardia Costiera Volontaria Ravenna, Invited Speaker<\/li>\n<li>\u201cSorveglianza sanitaria dei Cetacei spiaggiati lungo le coste delle regioni Emilia Romagna e Marche\u201d,4-6-2014 Fondazione Centro Ricerche Marine, Cesenatico, Teacher<\/li>\n<li>\u201cI cetacei del Mediterraneo: conservazione e gestione integrata\u201d a.a. 2013\/2014, Corso di Alta Formazione, Dipartimento di Biomedicina Comparata e Alimentazione Viale dell\u2019Universit\u00e0, 16,35020 \u2013 Legnaro (PD), Teacher<\/li>\n<li>FAUNA D\u2019ITALIA-Mammalia IV- Cetacea- Calderini ED 2015, Co-author<\/li>\n<li>Additional ultrasonographic findings at the fourth trimester of pregnancy in bottlenose dolphin (Tursiops truncatus) under human care. Saviano P.,Fiorucci L.,Grande F., Flanagan C., EAAM \u2013 Kolmarden 43th Symposium 22-26 March 2015 Oral presentation<\/li>\n<li>Regional IMATA-Animal training and housbandry Workshop, 11-12 Novembre 2015,Roma, Invited Speaker<\/li>\n<li>\u201cHandbook of Cetacean Strandings\u201d, edited by Mazzariol,Cozzi Centelleghe, Netcet, 2015, Co-author.<\/li>\n<li>\u201cDetermination of the main reference values in ultrasound examination of the gastrointestinal tract in clinically healthy bottlenose dolphins (Tursiops truncatus)\u201d Aquatic Mammals 2015,42(3),284-294. Authors: Fiorucci,Garcia-Parraga,Macrelli,Grande,Flanagan,Rueca,Busechian,Bianchi,Arbelo &amp; Saviano.<\/li>\n<li>\u201cDetermination of the main reference values in ultrasound examination of the gastrointestinal tract in clinically healthy bottlenose dolphins (Tursiops truncatus)\u201d, Saviano, P.*, Fiorucci, L., Grande, F., Arbelo, M.. 22\/14-3-2016. 44 Annual Symposium of European Association for Aquatic Mammals EAAM,Benidorm, Spain. Oral Presentation.<\/li>\n<li>\u201cIntravaginal artificial insemination in Bottlenose Dolphins (Tursiops truncatus) using refrigerated semen and medical training\u201d Barros-Garc\u00eda, C., Garc\u00eda-P\u00e1rraga, D. (2), Marco-Cabedo, V., Valls, M., \u00c1lvaro, T., Monreal-Pawlowsky, T., Saviano, P., Milo, C. , S\u00e1nchez-Calabuig, M.J. , Garc\u00eda-V\u00e1zquez, F.A. 22\/14-3-2016. 44 Annual Symposium of European Association for Aquatic Mammals EAAM,Benidorm, Spain. Co-author,Oral Presentation.<\/li>\n<li>\u201cDetermination of the main reference values in ultrasound examination of the gastrointestinal tract in clinically healthy bottlenose dolphins (Tursiops truncatus)\u201d, Saviano, P.*, Fiorucci, L., Grande, F., Arbelo, M.. 21\/26-5-2016 47 International Association for Aquatic Animal Medicine IAAAM, Virginia Beach,USA<\/li>\n<li>\u201cAnatomy of Dolphins,Insights into Body Structure and Function\u201d, B.Cozzi,S.Huggenberger, H. Oelschlager, Academic Press, Elsevier 2017, Contributor.<\/li>\n<li>\u201cADVANCED DOLPHIN ULTRASONOGRAPHY WORKSHOP\u201d, IAAAM 48 International Association for Aquatic Animal Medicine IAAAM, Instructor with Dr. Marina Ivancic, May 2017,Cancun,Mexico<\/li>\n<li>\u201cIncidence and management of ulcerative keratitis in a pinnipeds population under human care\u201d, Veterinary Medicine and Animal Sciences, ISSN 2054-3425, F.Grande, L.Fiorucci, R.Macrelli and P. Saviano, 2017<\/li>\n<li>CRC MARINE MAMMAL MEDICINE THIRD EDITION, CHAPTER 24 DIAGNOSTIC IMAGING (PGG537-551) CO-AUTHOR, CRC PRESS, 2018<\/li\n \t\n\n<li>6\/2\/2018 Workshop Dipartimento Scienze Mediche Veterinarie Universit\u00e0 di Bologna, il ruolo del Medico Veterinario nel Bacino del Mediterraneo,Bolgna, Italy., Invited speaker.<\/li>\n<\/ul>\n<p><b><span style=\"text-decoration: underline;\">CONGRESSES AND SYMPOSIA<\/span><\/b><b><\/b><\/p>\n<p>20\/21-04-2002: \u201c15 casi clinici interattivi in Medicina Interna\u201d Congresso annuale AIVPA Pisa.<\/p>\n<p>29-9-2003\/1-10-2003: Corso di Fisiopatologia dei Rettili e degli Anfibi, Prof. Fredric Frye , presso la Facolt\u00e0 di Medicina Veterinaria dell\u2019Universit\u00e0 degli Studi di Bologna.<\/p>\n<p>23\/25-10-2003: Corso sulla Biologia dei Cetacei, Fondazione Cetacea.<\/p>\n<p>25-01-2003: Convegno \u201cWildlife &amp; Exotic Animal Medicine\u201d SIVSANC, Fondazione Cetacea e la Oltremare presso la Facolt\u00e0 di Medicina Veterinaria dell\u2019Universit\u00e0 degli Studi di Bologna<\/p>\n<p>15\/16- 02-2003: Seminario SCIVAC \u201cDiagnostica per immagini del torace e dell\u2019addome\u201d. Bari.<\/p>\n<p>12\/13-04-2003: Seminario SCIVAC di \u201cAggiornamento in medicina d\u2019urgenza per animali da compagnia\u201d, Bologna.<\/p>\n<p>12-5-2003: Evento formativo:\u201cRecenti acquisizioni nella diagnosi e terapia delle malattie del pancreas del cane e del gatto\u201d presso la Facolt\u00e0 di Medicina Veterinaria dell\u2019Universit\u00e0 degli Studi di Bologna.<\/p>\n<p>13-09-2003: Seminario di endoscopia rigida e flessibile diagnostica e terapeutica negli animali da compagnia, presso la Facolt\u00e0 di Medicina Veterinaria dell\u2019Universit\u00e0 degli Studi di Bologna.<\/p>\n<p>17\/19-10-2003: 47\u00b0 congresso nazionale SCIVAC \u201cChirurgia dei tessuti molli negli animali da compagnia\u201d Perugia.<\/p>\n<p>17\/20-3-2006: 34<sup>th<\/sup> Annual Symposium of European Association for Aquatic Mammals \u201cWe Care\u201d EAAM Riccione, Italy<\/p>\n<p>10\/14-5-2008: 39<sup>th<\/sup> International Association for Aquatic Animal Medicine IAAAM hosted in Rome<\/p>\n<p>13\/16-3-2009: 37<sup>th<\/sup> Annual Symposium of European Association for Aquatic Mammals EAAM Zoomarine Malta<\/p>\n<p>12\/15-3-2010: 38<sup>th<\/sup> Annual Symposium of European Association for Aquatic Mammals EAAM, Portugal Zoo Lisboa<\/p>\n<p>11\/14-3-2011: 39<sup>th<\/sup> Annual Symposium of European Association for Aquatic Mammals EAAM, Barcelona, Spain<\/p>\n<p>11\/14-3-2012: 40<sup>th<\/sup> Annual Symposium of European Association for Aquatic Mammals EAAM, Madrid, Spain<\/p>\n<p>15\/18-3-2013: 41<sup>th <\/sup>Annual Symposium of European Association for Aquatic Mammals EAAM, Nuremberg, Germany<\/p>\n<p>14\/17-3-2014: 42<sup>nd <\/sup>Annual Symposium of European Association for Aquatic Mammals EAAM,\u00a0Tenerife, Spain<\/p>\n<p>22\/26-3-2015. 43<sup>th<\/sup>\u00a0Annual Symposium of European Association for Aquatic Mammals EAAM, Kolmarden,Sweden<\/p>\n<p>May 2015: International Conference on Disease of Zoo &amp; Wild Animals. Barcelona, Spain<\/p>\n<p>11\/12 -11-2015. IMATA Animal training and housbandry Workshop, Roma,Italy<\/p>\n<p>22\/14-3-2016. 44 Annual Symposium of European Association for Aquatic Mammals EAAM,Benidorm, Spain.<\/p>\n<p>21\/26-5-2016 47 International Association for Aquatic Animal Medicine IAAAM, Virginia Beach,USA<\/p>\n<p>8\/11-3-2017 45 Annual Symposium of European Association for Aquatic Mammals EAAM, Genova, Italy<\/p>\n<p>20\/25-5-2017 48 International Association for Aquatic Animal Medicine IAAAM, Cancun, Mexico<\/p>\n<p>03-2018 45 Annual Symposium of European Association for Aquatic Mammals EAAM,Roma,Italy<\/p>\n<p>6\/2\/2018 Workshop Dipartimento Scienze Mediche Veterinarie Universit\u00e0 di Bologna, il ruolo del Medico Veterinario nel Bacino del Mediterraneo,Bolgna, Italy.<\/p>\n<p><b><span style=\"text-decoration: underline;\">TECHNICAL SKILLS AND COMPETENCES<\/span><\/b><b><\/b><\/p>\n<p>PADI certified, Free diver, Strong swimmer.<\/p>\n<p>&nbsp;<\/p>\n<p><b><span style=\"text-decoration: underline;\">ARTISTIC SKILLS AND COMPETENCES<\/span><\/b><b><\/b><\/p>\n<p>Anatomical drawing.<\/p>\n","protected":false},"excerpt":{"rendered":"<p>Pietro Saviano, D.V.M., Ph.D. &nbsp; WORK EXPERIENCE 16.5.2006-present. Director of Veterinary Clinic for Small Animals. Ultrasonography &#038; radiography, surgery, internal<\/p>\n<div class=\"read-button read_more_btn_text\"><a class=\"read_more\" href=\"https:\/\/www.pietrosaviano.com\/?page_id=28\">Read Now<span class=\"arrow_readm\"> &#x25BA;<\/span><\/a><\/div>\n","protected":false},"author":1,"featured_media":0,"parent":0,"menu_order":20,"comment_status":"closed","ping_status":"open","template":"","meta":{"footnotes":""},"class_list":["post-28","page","type-page","status-publish","hentry"],"_links":{"self":[{"href":"https:\/\/www.pietrosaviano.com\/index.php?rest_route=\/wp\/v2\/pages\/28","targetHints":{"allow":["GET"]}}],"collection":[{"href":"https:\/\/www.pietrosaviano.com\/index.php?rest_route=\/wp\/v2\/pages"}],"about":[{"href":"https:\/\/www.pietrosaviano.com\/index.php?rest_route=\/wp\/v2\/types\/page"}],"author":[{"embeddable":true,"href":"https:\/\/www.pietrosaviano.com\/index.php?rest_route=\/wp\/v2\/users\/1"}],"replies":[{"embeddable":true,"href":"https:\/\/www.pietrosaviano.com\/index.php?rest_route=%2Fwp%2Fv2%2Fcomments&post=28"}],"version-history":[{"count":17,"href":"https:\/\/www.pietrosaviano.com\/index.php?rest_route=\/wp\/v2\/pages\/28\/revisions"}],"predecessor-version":[{"id":147,"href":"https:\/\/www.pietrosaviano.com\/index.php?rest_route=\/wp\/v2\/pages\/28\/revisions\/147"}],"wp:attachment":[{"href":"https:\/\/www.pietrosaviano.com\/index.php?rest_route=%2Fwp%2Fv2%2Fmedia&parent=28"}],"curies":[{"name":"wp","href":"https:\/\/api.w.org\/{rel}","templated":true}]}}